{"id":4448,"date":"2026-03-19T02:19:13","date_gmt":"2026-03-19T02:19:13","guid":{"rendered":"https:\/\/salmeronenergia.kymit.com.br\/?page_id=4448"},"modified":"2026-03-19T09:55:03","modified_gmt":"2026-03-19T09:55:03","slug":"sustentabilidade","status":"publish","type":"page","link":"https:\/\/salmeronenergia.kymit.com.br\/en\/sustentabilidade\/","title":{"rendered":"Sustainability"},"content":{"rendered":"<div data-elementor-type=\"wp-page\" data-elementor-id=\"4448\" class=\"elementor elementor-4448\" data-elementor-post-type=\"page\">\n\t\t\t\t<div class=\"elementor-element elementor-element-a1492f6 e-con-full e-flex e-con e-parent\" data-id=\"a1492f6\" data-element_type=\"container\" data-e-type=\"container\">\n\t\t<div class=\"elementor-element elementor-element-101c116 e-flex e-con-boxed e-con e-child\" data-id=\"101c116\" data-element_type=\"container\" data-e-type=\"container\" data-settings=\"{&quot;background_background&quot;:&quot;classic&quot;}\">\n\t\t\t\t\t<div class=\"e-con-inner\">\n\t\t\t\t<div class=\"elementor-element elementor-element-20660f9 elementor-widget elementor-widget-heading\" data-id=\"20660f9\" data-element_type=\"widget\" data-e-type=\"widget\" data-widget_type=\"heading.default\">\n\t\t\t\t\t<h2 class=\"elementor-heading-title elementor-size-default\">Sustainability<\/h2>\t\t\t\t<\/div>\n\t\t\t\t<div class=\"elementor-element elementor-element-8074672 elementor-widget-divider--view-line elementor-widget elementor-widget-divider\" data-id=\"8074672\" data-element_type=\"widget\" data-e-type=\"widget\" data-widget_type=\"divider.default\">\n\t\t\t\t\t\t\t<div class=\"elementor-divider\">\n\t\t\t<span class=\"elementor-divider-separator\">\n\t\t\t\t\t\t<\/span>\n\t\t<\/div>\n\t\t\t\t\t\t<\/div>\n\t\t\t\t\t<\/div>\n\t\t\t\t<\/div>\n\t\t\t\t<\/div>\n\t\t<div class=\"elementor-element elementor-element-1c92aa1 e-flex e-con-boxed e-con e-parent\" data-id=\"1c92aa1\" data-element_type=\"container\" data-e-type=\"container\">\n\t\t\t\t\t<div class=\"e-con-inner\">\n\t\t\t\t<div class=\"elementor-element elementor-element-a8ae062 elementor-widget elementor-widget-heading\" data-id=\"a8ae062\" data-element_type=\"widget\" data-e-type=\"widget\" data-widget_type=\"heading.default\">\n\t\t\t\t\t<h2 class=\"elementor-heading-title elementor-size-default\">Transformando energia em resultados sustent\u00e1veis<\/h2>\t\t\t\t<\/div>\n\t\t\t\t<div class=\"elementor-element elementor-element-cee8c1b elementor-widget elementor-widget-text-editor\" data-id=\"cee8c1b\" data-element_type=\"widget\" data-e-type=\"widget\" data-widget_type=\"text-editor.default\">\n\t\t\t\t\t\t\t\t\t<p>Development of renewable thermal energy generation projects for various industrial segments. We offer a complete ecosystem for the energy transition, from biomass supply to full boiler management.<\/p>\t\t\t\t\t\t\t\t<\/div>\n\t\t\t\t\t<\/div>\n\t\t\t\t<\/div>\n\t\t<div class=\"elementor-element elementor-element-747de16 e-con-full e-flex e-con e-parent\" data-id=\"747de16\" data-element_type=\"container\" data-e-type=\"container\">\n\t\t<div class=\"elementor-element elementor-element-3ffd036 e-con-full e-flex e-con e-child\" data-id=\"3ffd036\" data-element_type=\"container\" data-e-type=\"container\">\n\t\t<div class=\"elementor-element elementor-element-31218a3 e-con-full e-flex e-con e-child\" data-id=\"31218a3\" data-element_type=\"container\" data-e-type=\"container\" data-settings=\"{&quot;background_background&quot;:&quot;classic&quot;,&quot;motion_fx_motion_fx_mouse&quot;:&quot;yes&quot;}\">\n\t\t\t\t<div class=\"elementor-element elementor-element-01b0015 elementor-widget elementor-widget-heading\" data-id=\"01b0015\" data-element_type=\"widget\" data-e-type=\"widget\" data-widget_type=\"heading.default\">\n\t\t\t\t\t<h2 class=\"elementor-heading-title elementor-size-default\">Transformando energia em resultados sustent\u00e1veis<\/h2>\t\t\t\t<\/div>\n\t\t\t\t<div class=\"elementor-element elementor-element-8c7c1ef elementor-widget-divider--view-line elementor-widget elementor-widget-divider\" data-id=\"8c7c1ef\" data-element_type=\"widget\" data-e-type=\"widget\" data-widget_type=\"divider.default\">\n\t\t\t\t\t\t\t<div class=\"elementor-divider\">\n\t\t\t<span class=\"elementor-divider-separator\">\n\t\t\t\t\t\t<\/span>\n\t\t<\/div>\n\t\t\t\t\t\t<\/div>\n\t\t\t\t<div class=\"elementor-element elementor-element-51a0833 elementor-widget elementor-widget-heading\" data-id=\"51a0833\" data-element_type=\"widget\" data-e-type=\"widget\" data-widget_type=\"heading.default\">\n\t\t\t\t\t<h5 class=\"elementor-heading-title elementor-size-default\">Gest\u00e3o inteligente de energia a partir de biomassa com opera\u00e7\u00e3o eficiente e monitoramento cont\u00ednuo de sistemas de biovapor.<\/h5>\t\t\t\t<\/div>\n\t\t\t\t<div class=\"elementor-element elementor-element-20dcc8c elementor-widget elementor-widget-text-editor\" data-id=\"20dcc8c\" data-element_type=\"widget\" data-e-type=\"widget\" data-widget_type=\"text-editor.default\">\n\t\t\t\t\t\t\t\t\t<p>Com solu\u00e7\u00f5es em biovapor a partir de biomassa, ajudamos nossos clientes a reduzir custos, ganhar efici\u00eancia na opera\u00e7\u00e3o e diminuir de forma consistente as emiss\u00f5es de carbono.<\/p>\t\t\t\t\t\t\t\t<\/div>\n\t\t<div class=\"elementor-element elementor-element-3226243 e-con-full e-flex e-con e-child\" data-id=\"3226243\" data-element_type=\"container\" data-e-type=\"container\" data-settings=\"{&quot;background_background&quot;:&quot;classic&quot;}\">\n\t\t<div class=\"elementor-element elementor-element-5be5867 e-con-full e-flex e-con e-child\" data-id=\"5be5867\" data-element_type=\"container\" data-e-type=\"container\" data-settings=\"{&quot;background_background&quot;:&quot;classic&quot;}\">\n\t\t\t\t<div class=\"elementor-element elementor-element-2e0f500 elementor-view-default elementor-position-block-start elementor-mobile-position-block-start elementor-widget elementor-widget-icon-box\" data-id=\"2e0f500\" data-element_type=\"widget\" data-e-type=\"widget\" data-widget_type=\"icon-box.default\">\n\t\t\t\t\t\t\t<div class=\"elementor-icon-box-wrapper\">\n\n\t\t\t\t\t\t<div class=\"elementor-icon-box-icon\">\n\t\t\t\t<span  class=\"elementor-icon\">\n\t\t\t\t<svg xmlns=\"http:\/\/www.w3.org\/2000\/svg\" xmlns:xlink=\"http:\/\/www.w3.org\/1999\/xlink\" id=\"Capa_1\" x=\"0px\" y=\"0px\" viewbox=\"0 0 512 512\" style=\"enable-background:new 0 0 512 512;\" xml:space=\"preserve\"><g>\t<g>\t\t<g>\t\t\t<path d=\"M201.208,442.942c1.158,0.533,2.379,0.792,3.588,0.792c2.675,0,5.283-1.258,6.929-3.546l153.6-213.333    c1.871-2.6,2.129-6.029,0.671-8.879c-1.462-2.85-4.392-4.642-7.596-4.642h-76.458l33.537-134.467    c0.992-3.971-0.975-8.087-4.688-9.808c-3.733-1.717-8.133-0.571-10.517,2.754l-153.6,213.333c-1.871,2.6-2.129,6.029-0.671,8.879    c1.462,2.85,4.392,4.642,7.596,4.642h76.458l-33.538,134.467C195.529,437.104,197.496,441.221,201.208,442.942z M249.263,292.2    c0.638-2.55,0.062-5.25-1.554-7.321s-4.1-3.279-6.725-3.279h-70.725l117.912-163.767L262.737,219.8    c-0.638,2.55-0.062,5.25,1.554,7.321s4.1,3.279,6.725,3.279h70.725L223.829,394.167L249.263,292.2z\"><\/path>\t\t\t<path d=\"M503.467,247.467c-4.713,0-8.533,3.821-8.533,8.533c0,131.75-107.183,238.933-238.933,238.933    c-70.547,0-137.665-31.642-182.867-85.333h46.333c4.713,0,8.533-3.821,8.533-8.533c0-4.713-3.821-8.533-8.533-8.533H51.2    c-4.713,0-8.533,3.821-8.533,8.533v68.267c0,4.713,3.821,8.533,8.533,8.533s8.533-3.821,8.533-8.533v-49.146    C108.161,477.95,180.235,512,256,512c141.158,0,256-114.842,256-256C512,251.287,508.179,247.467,503.467,247.467z\"><\/path>\t\t\t<path d=\"M256,17.067c70.547,0,137.665,31.642,182.867,85.333h-46.333c-4.713,0-8.533,3.821-8.533,8.533s3.821,8.533,8.533,8.533    H460.8c4.713,0,8.533-3.821,8.533-8.533V42.667c0-4.713-3.821-8.533-8.533-8.533c-4.713,0-8.533,3.821-8.533,8.533v49.146    C403.839,34.05,331.765,0,256,0C114.842,0,0,114.842,0,256c0,4.713,3.821,8.533,8.533,8.533s8.533-3.821,8.533-8.533    C17.067,124.25,124.25,17.067,256,17.067z\"><\/path>\t\t<\/g>\t<\/g><\/g><g><\/g><g><\/g><g><\/g><g><\/g><g><\/g><g><\/g><g><\/g><g><\/g><g><\/g><g><\/g><g><\/g><g><\/g><g><\/g><g><\/g><g><\/g><\/svg>\t\t\t\t<\/span>\n\t\t\t<\/div>\n\t\t\t\n\t\t\t\t\t\t<div class=\"elementor-icon-box-content\">\n\n\t\t\t\t\t\t\t\t\t<h3 class=\"elementor-icon-box-title\">\n\t\t\t\t\t\t<span  >\n\t\t\t\t\t\t\t100 GWhe\t\t\t\t\t\t<\/span>\n\t\t\t\t\t<\/h3>\n\t\t\t\t\n\t\t\t\t\t\t\t\t\t<p class=\"elementor-icon-box-description\">\n\t\t\t\t\t\tEnergia el\u00e9trica Produzida\t\t\t\t\t<\/p>\n\t\t\t\t\n\t\t\t<\/div>\n\t\t\t\n\t\t<\/div>\n\t\t\t\t\t\t<\/div>\n\t\t\t\t<\/div>\n\t\t<div class=\"elementor-element elementor-element-0066109 e-con-full e-flex e-con e-child\" data-id=\"0066109\" data-element_type=\"container\" data-e-type=\"container\" data-settings=\"{&quot;background_background&quot;:&quot;classic&quot;}\">\n\t\t\t\t<div class=\"elementor-element elementor-element-4a1c011 elementor-view-default elementor-position-block-start elementor-mobile-position-block-start elementor-widget elementor-widget-icon-box\" data-id=\"4a1c011\" data-element_type=\"widget\" data-e-type=\"widget\" data-widget_type=\"icon-box.default\">\n\t\t\t\t\t\t\t<div class=\"elementor-icon-box-wrapper\">\n\n\t\t\t\t\t\t<div class=\"elementor-icon-box-icon\">\n\t\t\t\t<span  class=\"elementor-icon\">\n\t\t\t\t<i aria-hidden=\"true\" class=\"icon icon-cog\"><\/i>\t\t\t\t<\/span>\n\t\t\t<\/div>\n\t\t\t\n\t\t\t\t\t\t<div class=\"elementor-icon-box-content\">\n\n\t\t\t\t\t\t\t\t\t<h3 class=\"elementor-icon-box-title\">\n\t\t\t\t\t\t<span  >\n\t\t\t\t\t\t\t100 GWht\t\t\t\t\t\t<\/span>\n\t\t\t\t\t<\/h3>\n\t\t\t\t\n\t\t\t\t\t\t\t\t\t<p class=\"elementor-icon-box-description\">\n\t\t\t\t\t\tEnergia t\u00e9rmica Produzida\t\t\t\t\t<\/p>\n\t\t\t\t\n\t\t\t<\/div>\n\t\t\t\n\t\t<\/div>\n\t\t\t\t\t\t<\/div>\n\t\t\t\t<\/div>\n\t\t<div class=\"elementor-element elementor-element-f22d693 e-con-full e-flex e-con e-child\" data-id=\"f22d693\" data-element_type=\"container\" data-e-type=\"container\" data-settings=\"{&quot;background_background&quot;:&quot;classic&quot;}\">\n\t\t\t\t<div class=\"elementor-element elementor-element-b509799 elementor-view-default elementor-position-block-start elementor-mobile-position-block-start elementor-widget elementor-widget-icon-box\" data-id=\"b509799\" data-element_type=\"widget\" data-e-type=\"widget\" data-widget_type=\"icon-box.default\">\n\t\t\t\t\t\t\t<div class=\"elementor-icon-box-wrapper\">\n\n\t\t\t\t\t\t<div class=\"elementor-icon-box-icon\">\n\t\t\t\t<span  class=\"elementor-icon\">\n\t\t\t\t<i aria-hidden=\"true\" class=\"icon icon-cog\"><\/i>\t\t\t\t<\/span>\n\t\t\t<\/div>\n\t\t\t\n\t\t\t\t\t\t<div class=\"elementor-icon-box-content\">\n\n\t\t\t\t\t\t\t\t\t<h3 class=\"elementor-icon-box-title\">\n\t\t\t\t\t\t<span  >\n\t\t\t\t\t\t\t100 GWht\t\t\t\t\t\t<\/span>\n\t\t\t\t\t<\/h3>\n\t\t\t\t\n\t\t\t\t\t\t\t\t\t<p class=\"elementor-icon-box-description\">\n\t\t\t\t\t\tEnergia t\u00e9rmica Produzida\t\t\t\t\t<\/p>\n\t\t\t\t\n\t\t\t<\/div>\n\t\t\t\n\t\t<\/div>\n\t\t\t\t\t\t<\/div>\n\t\t\t\t<\/div>\n\t\t\t\t<\/div>\n\t\t\t\t<\/div>\n\t\t\t\t<\/div>\n\t\t<div class=\"elementor-element elementor-element-a265353 e-con-full e-flex e-con e-child\" data-id=\"a265353\" data-element_type=\"container\" data-e-type=\"container\" data-settings=\"{&quot;background_background&quot;:&quot;classic&quot;}\">\n\t\t<div class=\"elementor-element elementor-element-0238074 e-con-full e-flex e-con e-child\" data-id=\"0238074\" data-element_type=\"container\" data-e-type=\"container\">\n\t\t\t\t<\/div>\n\t\t\t\t<\/div>\n\t\t\t\t<\/div>\n\t\t<div class=\"elementor-element elementor-element-f64922a e-flex e-con-boxed e-con e-parent\" data-id=\"f64922a\" data-element_type=\"container\" data-e-type=\"container\">\n\t\t\t\t\t<div class=\"e-con-inner\">\n\t\t<div class=\"elementor-element elementor-element-b4d1bbd e-con-full e-flex e-con e-child\" data-id=\"b4d1bbd\" data-element_type=\"container\" data-e-type=\"container\">\n\t\t\t\t<div class=\"elementor-element elementor-element-64cd998 elementor-widget elementor-widget-image\" data-id=\"64cd998\" data-element_type=\"widget\" data-e-type=\"widget\" data-widget_type=\"image.default\">\n\t\t\t\t\t\t\t\t\t\t\t\t\t\t\t<img fetchpriority=\"high\" decoding=\"async\" width=\"1360\" height=\"752\" src=\"https:\/\/salmeronenergia.kymit.com.br\/wp-content\/uploads\/2026\/01\/energia.jpg\" class=\"attachment-full size-full wp-image-2960\" alt=\"\" srcset=\"https:\/\/salmeronenergia.kymit.com.br\/wp-content\/uploads\/2026\/01\/energia.jpg 1360w, https:\/\/salmeronenergia.kymit.com.br\/wp-content\/uploads\/2026\/01\/energia-300x166.jpg 300w, https:\/\/salmeronenergia.kymit.com.br\/wp-content\/uploads\/2026\/01\/energia-1024x566.jpg 1024w, https:\/\/salmeronenergia.kymit.com.br\/wp-content\/uploads\/2026\/01\/energia-768x425.jpg 768w\" sizes=\"(max-width: 1360px) 100vw, 1360px\" \/>\t\t\t\t\t\t\t\t\t\t\t\t\t\t\t<\/div>\n\t\t\t\t<\/div>\n\t\t<div class=\"elementor-element elementor-element-d9195d5 e-con-full e-flex e-con e-child\" data-id=\"d9195d5\" data-element_type=\"container\" data-e-type=\"container\">\n\t\t\t\t<div class=\"elementor-element elementor-element-350fb03 elementor-widget elementor-widget-heading\" data-id=\"350fb03\" data-element_type=\"widget\" data-e-type=\"widget\" data-widget_type=\"heading.default\">\n\t\t\t\t\t<h2 class=\"elementor-heading-title elementor-size-default\">Transformando energia em resultados sustent\u00e1veis<\/h2>\t\t\t\t<\/div>\n\t\t\t\t<div class=\"elementor-element elementor-element-fc814d6 elementor-widget elementor-widget-text-editor\" data-id=\"fc814d6\" data-element_type=\"widget\" data-e-type=\"widget\" data-widget_type=\"text-editor.default\">\n\t\t\t\t\t\t\t\t\t<p>O Grupo Salmeron possui mais de 40 anos de uma hist\u00f3ria dedicada ao gerenciamento e a valoriza\u00e7\u00e3o de res\u00edduos. Reconhecido como um dos maiores players desse segmento na Am\u00e9rica Latina, o grupo se destaca por investir amplamente em tecnologias e processos inovadores, e pelo seu pioneirismo na reciclagem energ\u00e9tica, atrav\u00e9s da biomassa de madeira.<\/p>\t\t\t\t\t\t\t\t<\/div>\n\t\t\t\t<\/div>\n\t\t\t\t\t<\/div>\n\t\t\t\t<\/div>\n\t\t\t\t<\/div>","protected":false},"excerpt":{"rendered":"<p>Sustentabilidade Transformando energia em resultados sustent\u00e1veis Desenvolvimento de projetos de gera\u00e7\u00e3o de energia t\u00e9rmica renov\u00e1vel para diversos segmentos industriais. Oferecemos um ecossistema completo para a transi\u00e7\u00e3o energ\u00e9tica, desde o fornecimento de biomassa at\u00e9 a gest\u00e3o completa de caldeiras. Transformando energia em resultados sustent\u00e1veis Gest\u00e3o inteligente de energia a partir de biomassa com opera\u00e7\u00e3o eficiente e [&hellip;]<\/p>\n","protected":false},"author":1,"featured_media":0,"parent":0,"menu_order":0,"comment_status":"closed","ping_status":"closed","template":"","meta":{"footnotes":""},"class_list":["post-4448","page","type-page","status-publish","hentry"],"_links":{"self":[{"href":"https:\/\/salmeronenergia.kymit.com.br\/en\/wp-json\/wp\/v2\/pages\/4448","targetHints":{"allow":["GET"]}}],"collection":[{"href":"https:\/\/salmeronenergia.kymit.com.br\/en\/wp-json\/wp\/v2\/pages"}],"about":[{"href":"https:\/\/salmeronenergia.kymit.com.br\/en\/wp-json\/wp\/v2\/types\/page"}],"author":[{"embeddable":true,"href":"https:\/\/salmeronenergia.kymit.com.br\/en\/wp-json\/wp\/v2\/users\/1"}],"replies":[{"embeddable":true,"href":"https:\/\/salmeronenergia.kymit.com.br\/en\/wp-json\/wp\/v2\/comments?post=4448"}],"version-history":[{"count":11,"href":"https:\/\/salmeronenergia.kymit.com.br\/en\/wp-json\/wp\/v2\/pages\/4448\/revisions"}],"predecessor-version":[{"id":4459,"href":"https:\/\/salmeronenergia.kymit.com.br\/en\/wp-json\/wp\/v2\/pages\/4448\/revisions\/4459"}],"wp:attachment":[{"href":"https:\/\/salmeronenergia.kymit.com.br\/en\/wp-json\/wp\/v2\/media?parent=4448"}],"curies":[{"name":"wp","href":"https:\/\/api.w.org\/{rel}","templated":true}]}}