{"id":3438,"date":"2026-03-02T21:19:00","date_gmt":"2026-03-02T21:19:00","guid":{"rendered":"https:\/\/salmeronenergia.kymit.com.br\/?page_id=3438"},"modified":"2026-03-16T20:16:18","modified_gmt":"2026-03-16T20:16:18","slug":"tecnologia","status":"publish","type":"page","link":"https:\/\/salmeronenergia.kymit.com.br\/en\/tecnologia\/","title":{"rendered":"tecnologia"},"content":{"rendered":"<div data-elementor-type=\"wp-page\" data-elementor-id=\"3438\" class=\"elementor elementor-3438\" data-elementor-post-type=\"page\">\n\t\t\t\t<div class=\"elementor-element elementor-element-a1492f6 e-con-full e-flex e-con e-parent\" data-id=\"a1492f6\" data-element_type=\"container\" data-e-type=\"container\">\n\t\t<div class=\"elementor-element elementor-element-101c116 e-flex e-con-boxed e-con e-child\" data-id=\"101c116\" data-element_type=\"container\" data-e-type=\"container\" data-settings=\"{&quot;background_background&quot;:&quot;classic&quot;}\">\n\t\t\t\t\t<div class=\"e-con-inner\">\n\t\t\t\t<div class=\"elementor-element elementor-element-20660f9 elementor-widget elementor-widget-heading\" data-id=\"20660f9\" data-element_type=\"widget\" data-e-type=\"widget\" data-widget_type=\"heading.default\">\n\t\t\t\t\t<h2 class=\"elementor-heading-title elementor-size-default\">TECHNOLOGY<\/h2>\t\t\t\t<\/div>\n\t\t\t\t<div class=\"elementor-element elementor-element-8074672 elementor-widget-divider--view-line elementor-widget elementor-widget-divider\" data-id=\"8074672\" data-element_type=\"widget\" data-e-type=\"widget\" data-widget_type=\"divider.default\">\n\t\t\t\t\t\t\t<div class=\"elementor-divider\">\n\t\t\t<span class=\"elementor-divider-separator\">\n\t\t\t\t\t\t<\/span>\n\t\t<\/div>\n\t\t\t\t\t\t<\/div>\n\t\t\t\t\t<\/div>\n\t\t\t\t<\/div>\n\t\t\t\t<\/div>\n\t\t<div class=\"elementor-element elementor-element-4ed77dc e-flex e-con-boxed e-con e-parent\" data-id=\"4ed77dc\" data-element_type=\"container\" data-e-type=\"container\">\n\t\t\t\t\t<div class=\"e-con-inner\">\n\t\t\t\t<div class=\"elementor-element elementor-element-354d937 elementor-widget elementor-widget-heading\" data-id=\"354d937\" data-element_type=\"widget\" data-e-type=\"widget\" data-widget_type=\"heading.default\">\n\t\t\t\t\t<h2 class=\"elementor-heading-title elementor-size-default\">Principais Tecnologias de Queima e Automa\u00e7\u00e3o no Mercado de Biomassa<\/h2>\t\t\t\t<\/div>\n\t\t\t\t<div class=\"elementor-element elementor-element-94f7348 elementor-widget elementor-widget-text-editor\" data-id=\"94f7348\" data-element_type=\"widget\" data-e-type=\"widget\" data-widget_type=\"text-editor.default\">\n\t\t\t\t\t\t\t\t\t<p><span data-slate-fragment=\"JTVCJTdCJTIydHlwZSUyMiUzQSUyMnAlMjIlMkMlMjJjaGlsZHJlbiUyMiUzQSU1QiU3QiUyMnRleHQlMjIlM0ElMjJPJTIwc2V0b3IlMjBkZSUyMGVuZXJnaWElMjBhJTIwdmFwb3IlMjBwb3IlMjBiaW9tYXNzYSUyMCVDMyVBOSUyMGNhcmFjdGVyaXphZG8lMjBwb3IlMjB1bWElMjBjb25zdGFudGUlMjBpbm92YSVDMyVBNyVDMyVBM28lMjB0ZWNub2wlQzMlQjNnaWNhJTIwZSUyMHBlbGElMjBlbWVyZyVDMyVBQW5jaWElMjBkZSUyMG1vZGVsb3MlMjBkZSUyMG5lZyVDMyVCM2NpbyUyMHF1ZSUyMHZpc2FtJTIwb3RpbWl6YXIlMjBhJTIwZ2VyYSVDMyVBNyVDMyVBM28lMjBkZSUyMGVuZXJnaWElMjBlJTIwcHJvbW92ZXIlMjBhJTIwZGVzY2FyYm9uaXphJUMzJUE3JUMzJUEzbyUyMGluZHVzdHJpYWwlMjIlN0QlNUQlN0QlNUQ=\">O setor de energia a vapor por biomassa \u00e9 caracterizado por uma constante inova\u00e7\u00e3o tecnol\u00f3gica e pela emerg\u00eancia de modelos de neg\u00f3cio que visam otimizar a gera\u00e7\u00e3o de energia e promover a descarboniza\u00e7\u00e3o industrial. <\/span><span style=\"font-family: 'Arial',sans-serif;\">As tecnologias de queima e os sistemas de automa\u00e7\u00e3o s\u00e3o o cora\u00e7\u00e3o das usinas de biomassa, determinando a efici\u00eancia, a flexibilidade e o impacto ambiental.<\/span><\/p><p class=\"MdParagraph\"><span style=\"font-family: 'Arial',sans-serif;\">A biomassa, j\u00e1 reconhecida como fonte de energia renov\u00e1vel, est\u00e1 sendo combinada com tecnologias de captura de carbono para alcan\u00e7ar emiss\u00f5es negativas, um avan\u00e7o crucial na mitiga\u00e7\u00e3o das mudan\u00e7as clim\u00e1ticas.<\/span><\/p>\t\t\t\t\t\t\t\t<\/div>\n\t\t\t\t\t<\/div>\n\t\t\t\t<\/div>\n\t\t\t\t<\/div>","protected":false},"excerpt":{"rendered":"<p>TECNOLOGIA Principais Tecnologias de Queima e Automa\u00e7\u00e3o no Mercado de Biomassa O setor de energia a vapor por biomassa \u00e9 caracterizado por uma constante inova\u00e7\u00e3o tecnol\u00f3gica e pela emerg\u00eancia de modelos de neg\u00f3cio que visam otimizar a gera\u00e7\u00e3o de energia e promover a descarboniza\u00e7\u00e3o industrial. As tecnologias de queima e os sistemas de automa\u00e7\u00e3o s\u00e3o [&hellip;]<\/p>\n","protected":false},"author":1,"featured_media":0,"parent":0,"menu_order":0,"comment_status":"closed","ping_status":"closed","template":"","meta":{"footnotes":""},"class_list":["post-3438","page","type-page","status-publish","hentry"],"_links":{"self":[{"href":"https:\/\/salmeronenergia.kymit.com.br\/en\/wp-json\/wp\/v2\/pages\/3438","targetHints":{"allow":["GET"]}}],"collection":[{"href":"https:\/\/salmeronenergia.kymit.com.br\/en\/wp-json\/wp\/v2\/pages"}],"about":[{"href":"https:\/\/salmeronenergia.kymit.com.br\/en\/wp-json\/wp\/v2\/types\/page"}],"author":[{"embeddable":true,"href":"https:\/\/salmeronenergia.kymit.com.br\/en\/wp-json\/wp\/v2\/users\/1"}],"replies":[{"embeddable":true,"href":"https:\/\/salmeronenergia.kymit.com.br\/en\/wp-json\/wp\/v2\/comments?post=3438"}],"version-history":[{"count":28,"href":"https:\/\/salmeronenergia.kymit.com.br\/en\/wp-json\/wp\/v2\/pages\/3438\/revisions"}],"predecessor-version":[{"id":4138,"href":"https:\/\/salmeronenergia.kymit.com.br\/en\/wp-json\/wp\/v2\/pages\/3438\/revisions\/4138"}],"wp:attachment":[{"href":"https:\/\/salmeronenergia.kymit.com.br\/en\/wp-json\/wp\/v2\/media?parent=3438"}],"curies":[{"name":"wp","href":"https:\/\/api.w.org\/{rel}","templated":true}]}}