{"id":3430,"date":"2026-03-02T21:10:28","date_gmt":"2026-03-02T21:10:28","guid":{"rendered":"https:\/\/salmeronenergia.kymit.com.br\/?page_id=3430"},"modified":"2026-03-18T01:26:23","modified_gmt":"2026-03-18T01:26:23","slug":"contato","status":"publish","type":"page","link":"https:\/\/salmeronenergia.kymit.com.br\/en\/contato\/","title":{"rendered":"contato"},"content":{"rendered":"\t\t<div data-elementor-type=\"wp-page\" data-elementor-id=\"3430\" class=\"elementor elementor-3430\" data-elementor-post-type=\"page\">\n\t\t\t\t<div class=\"elementor-element elementor-element-a1492f6 e-con-full e-flex e-con e-parent\" data-id=\"a1492f6\" data-element_type=\"container\" data-e-type=\"container\">\n\t\t<div class=\"elementor-element elementor-element-101c116 e-flex e-con-boxed e-con e-child\" data-id=\"101c116\" data-element_type=\"container\" data-e-type=\"container\" data-settings=\"{&quot;background_background&quot;:&quot;classic&quot;}\">\n\t\t\t\t\t<div class=\"e-con-inner\">\n\t\t\t\t<div class=\"elementor-element elementor-element-20660f9 elementor-widget elementor-widget-heading\" data-id=\"20660f9\" data-element_type=\"widget\" data-e-type=\"widget\" data-widget_type=\"heading.default\">\n\t\t\t\t\t<h2 class=\"elementor-heading-title elementor-size-default\">Contato<\/h2>\t\t\t\t<\/div>\n\t\t\t\t<div class=\"elementor-element elementor-element-8074672 elementor-widget-divider--view-line elementor-widget elementor-widget-divider\" data-id=\"8074672\" data-element_type=\"widget\" data-e-type=\"widget\" data-widget_type=\"divider.default\">\n\t\t\t\t\t\t\t<div class=\"elementor-divider\">\n\t\t\t<span class=\"elementor-divider-separator\">\n\t\t\t\t\t\t<\/span>\n\t\t<\/div>\n\t\t\t\t\t\t<\/div>\n\t\t\t\t\t<\/div>\n\t\t\t\t<\/div>\n\t\t\t\t<\/div>\n\t\t<div class=\"elementor-element elementor-element-54559e9 e-flex e-con-boxed e-con e-parent\" data-id=\"54559e9\" data-element_type=\"container\" data-e-type=\"container\">\n\t\t\t\t\t<div class=\"e-con-inner\">\n\t\t<div class=\"elementor-element elementor-element-4c46ce6 e-con-full e-flex e-con e-child\" data-id=\"4c46ce6\" data-element_type=\"container\" data-e-type=\"container\" data-settings=\"{&quot;background_background&quot;:&quot;classic&quot;}\">\n\t\t\t\t<div class=\"elementor-element elementor-element-e5dd26b elementor-widget elementor-widget-heading\" data-id=\"e5dd26b\" data-element_type=\"widget\" data-e-type=\"widget\" data-widget_type=\"heading.default\">\n\t\t\t\t\t<h2 class=\"elementor-heading-title elementor-size-default\">Matriz Brasil<\/h2>\t\t\t\t<\/div>\n\t\t\t\t<div class=\"elementor-element elementor-element-ab48c9e elementor-icon-list--layout-traditional elementor-list-item-link-full_width elementor-widget elementor-widget-icon-list\" data-id=\"ab48c9e\" data-element_type=\"widget\" data-e-type=\"widget\" data-widget_type=\"icon-list.default\">\n\t\t\t\t\t\t\t<ul class=\"elementor-icon-list-items\">\n\t\t\t\t\t\t\t<li class=\"elementor-icon-list-item\">\n\t\t\t\t\t\t\t\t\t\t\t<span class=\"elementor-icon-list-icon\">\n\t\t\t\t\t\t\t<i aria-hidden=\"true\" class=\"icon icon-phone-handset\"><\/i>\t\t\t\t\t\t<\/span>\n\t\t\t\t\t\t\t\t\t\t<span class=\"elementor-icon-list-text\">0800 330 0000<\/span>\n\t\t\t\t\t\t\t\t\t<\/li>\n\t\t\t\t\t\t\t\t<li class=\"elementor-icon-list-item\">\n\t\t\t\t\t\t\t\t\t\t\t<span class=\"elementor-icon-list-icon\">\n\t\t\t\t\t\t\t<i aria-hidden=\"true\" class=\"icon icon-phone-handset\"><\/i>\t\t\t\t\t\t<\/span>\n\t\t\t\t\t\t\t\t\t\t<span class=\"elementor-icon-list-text\">+55 (15) 3232-2425<\/span>\n\t\t\t\t\t\t\t\t\t<\/li>\n\t\t\t\t\t\t\t\t<li class=\"elementor-icon-list-item\">\n\t\t\t\t\t\t\t\t\t\t\t<span class=\"elementor-icon-list-icon\">\n\t\t\t\t\t\t\t<i aria-hidden=\"true\" class=\"icon icon-mail\"><\/i>\t\t\t\t\t\t<\/span>\n\t\t\t\t\t\t\t\t\t\t<span class=\"elementor-icon-list-text\">comercial@gruposalmeron.com.br<\/span>\n\t\t\t\t\t\t\t\t\t<\/li>\n\t\t\t\t\t\t\t\t<li class=\"elementor-icon-list-item\">\n\t\t\t\t\t\t\t\t\t\t\t<span class=\"elementor-icon-list-icon\">\n\t\t\t\t\t\t\t<i aria-hidden=\"true\" class=\"icon icon-map-marker\"><\/i>\t\t\t\t\t\t<\/span>\n\t\t\t\t\t\t\t\t\t\t<span class=\"elementor-icon-list-text\">Av. dos Bandeirantes, n\u00ba 2480 <br>Brigadeiro Tobias Sorocaba\/SP<\/span>\n\t\t\t\t\t\t\t\t\t<\/li>\n\t\t\t\t\t\t<\/ul>\n\t\t\t\t\t\t<\/div>\n\t\t\t\t<\/div>\n\t\t<div class=\"elementor-element elementor-element-19fc455 e-con-full e-flex e-con e-child\" data-id=\"19fc455\" data-element_type=\"container\" data-e-type=\"container\" data-settings=\"{&quot;background_background&quot;:&quot;classic&quot;}\">\n\t\t\t\t<div class=\"elementor-element elementor-element-a9ebda3 elementor-widget elementor-widget-html\" data-id=\"a9ebda3\" data-element_type=\"widget\" data-e-type=\"widget\" data-widget_type=\"html.default\">\n\t\t\t\t\t<div role=\"main\" id=\"site-energia-contato-1dba056c496d1ca15347\"><\/div><script type=\"text\/javascript\" src=\"https:\/\/d335luupugsy2.cloudfront.net\/js\/rdstation-forms\/stable\/rdstation-forms.min.js\"><\/script><script type=\"text\/javascript\"> new RDStationForms('site-energia-contato-1dba056c496d1ca15347', 'null').createForm();<\/script>\t\t\t\t<\/div>\n\t\t\t\t<div class=\"elementor-element elementor-element-2a3c5f1 elementor-hidden-desktop elementor-hidden-laptop elementor-hidden-tablet elementor-hidden-mobile elementor-widget elementor-widget-shortcode\" data-id=\"2a3c5f1\" data-element_type=\"widget\" data-e-type=\"widget\" data-widget_type=\"shortcode.default\">\n\t\t\t\t\t\t\t<div class=\"elementor-shortcode\"><\/div>\n\t\t\t\t\t\t<\/div>\n\t\t\t\t<div class=\"elementor-element elementor-element-d1a3443 elementor-hidden-desktop elementor-hidden-laptop elementor-hidden-tablet elementor-hidden-mobile elementor-widget elementor-widget-html\" data-id=\"d1a3443\" data-element_type=\"widget\" data-e-type=\"widget\" data-widget_type=\"html.default\">\n\t\t\t\t\t<script>\r\n\/*\r\nAUTOR:  DANTE TESTA\r\nFUN\u00c7\u00c3O: PESQUISA CEP NA API VIA CEP + CONCATENA\u00c7\u00c3O DE ENDERE\u00c7O\r\nDATA: 18\/05\/2023\r\n*\/\r\n\r\njQuery(document).ready(function($) {\r\n\r\n \/*SETUP DE CAMPOS DO FORMUL\u00c1RIO - Altere com seus seletores abaixo! *\/\r\n    var cepId = 'input[name=\"cep\"]';\r\n    var enderecoId = 'input[name=\"endereco\"]';\r\n    var bairroId = 'input[name=\"bairro\"]';\r\n    var cidadeId = 'input[name=\"cidade\"]';\r\n    var estadoId = 'input[name=\"estado\"]';\r\n    var numeroId = 'input[name=\"numero\"]';\r\n    var enderecoCompletoId = 'input[name=\"endereco_completo\"]';\r\n    \r\n\/* -----------------  N\u00c3O MECHA ABAIXO -------------*\/    \r\n\r\n    function setLoading(loading) {\r\n        var loadingText = 'Carregando...';\r\n        if (loading) {\r\n            $(enderecoId).val(loadingText);\r\n            $(bairroId).val(loadingText);\r\n            $(cidadeId).val(loadingText);\r\n            $(estadoId).val(loadingText);\r\n        } else {\r\n            $(enderecoId).val('');\r\n            $(bairroId).val('');\r\n            $(cidadeId).val('');\r\n            $(estadoId).val('');\r\n        }\r\n    }\r\n\r\n    $(cepId).change(function() {\r\n        let cep = $(this).val().replace(\/\\D\/g, '');\r\n        if (cep != \"\") {\r\n            let validacep = \/^[0-9]{8}$\/;\r\n            if(validacep.test(cep)) {\r\n                setLoading(true);\r\n                $.getJSON(\"https:\/\/viacep.com.br\/ws\/\"+ cep +\"\/json\/?callback=?\", function(dados) {\r\n                    setLoading(false);\r\n                    if (!(\"erro\" in dados)) {\r\n                        \/\/ Atualiza os campos com os valores da consulta.\r\n                        $(enderecoId).val(dados.logradouro);\r\n                        $(bairroId).val(dados.bairro);\r\n                        $(cidadeId).val(dados.localidade);\r\n                        $(estadoId).val(dados.uf);\r\n                        updateEnderecoCompleto();\r\n                    }\r\n                    else {\r\n                        alert(\"CEP n\u00e3o encontrado.\");\r\n                    }\r\n                });\r\n            }\r\n            else {\r\n                alert(\"Formato de CEP inv\u00e1lido.\");\r\n            }\r\n        }\r\n    });\r\n\r\n    $(numeroId).on('input', function() {\r\n        updateEnderecoCompleto();\r\n    });\r\n\r\n    function updateEnderecoCompleto() {\r\n        let enderecoCompleto = $(enderecoId).val() + ', ' +\r\n            $(numeroId).val() + ', ' +\r\n            $(cidadeId).val() + '-' +\r\n            $(estadoId).val();\r\n\r\n        $(enderecoCompletoId).val(enderecoCompleto);\r\n    }\r\n});\r\n\r\n\r\n<\/script>\t\t\t\t<\/div>\n\t\t\t\t<\/div>\n\t\t\t\t\t<\/div>\n\t\t\t\t<\/div>\n\t\t\t\t<\/div>\n\t\t","protected":false},"excerpt":{"rendered":"<p>Contato Matriz Brasil 0800 330 0000 +55 (15) 3232-2425 comercial@gruposalmeron.com.br Av. dos Bandeirantes, n\u00ba 2480 Brigadeiro Tobias Sorocaba\/SP<\/p>","protected":false},"author":1,"featured_media":0,"parent":0,"menu_order":0,"comment_status":"closed","ping_status":"closed","template":"","meta":{"footnotes":""},"class_list":["post-3430","page","type-page","status-publish","hentry"],"_links":{"self":[{"href":"https:\/\/salmeronenergia.kymit.com.br\/en\/wp-json\/wp\/v2\/pages\/3430","targetHints":{"allow":["GET"]}}],"collection":[{"href":"https:\/\/salmeronenergia.kymit.com.br\/en\/wp-json\/wp\/v2\/pages"}],"about":[{"href":"https:\/\/salmeronenergia.kymit.com.br\/en\/wp-json\/wp\/v2\/types\/page"}],"author":[{"embeddable":true,"href":"https:\/\/salmeronenergia.kymit.com.br\/en\/wp-json\/wp\/v2\/users\/1"}],"replies":[{"embeddable":true,"href":"https:\/\/salmeronenergia.kymit.com.br\/en\/wp-json\/wp\/v2\/comments?post=3430"}],"version-history":[{"count":18,"href":"https:\/\/salmeronenergia.kymit.com.br\/en\/wp-json\/wp\/v2\/pages\/3430\/revisions"}],"predecessor-version":[{"id":4353,"href":"https:\/\/salmeronenergia.kymit.com.br\/en\/wp-json\/wp\/v2\/pages\/3430\/revisions\/4353"}],"wp:attachment":[{"href":"https:\/\/salmeronenergia.kymit.com.br\/en\/wp-json\/wp\/v2\/media?parent=3430"}],"curies":[{"name":"wp","href":"https:\/\/api.w.org\/{rel}","templated":true}]}}